{"id":1917,"date":"2022-06-14T17:09:34","date_gmt":"2022-06-14T15:09:34","guid":{"rendered":"https:\/\/globalasig.md\/?page_id=1917"},"modified":"2022-06-14T17:09:34","modified_gmt":"2022-06-14T15:09:34","slug":"calculator-devamarii-masini-in-moldova","status":"publish","type":"page","link":"https:\/\/globalasig.md\/ro\/calculator-devamarii-masini-in-moldova\/","title":{"rendered":"Calculator \u201edevam\u0103rii\u201d ma\u0219ini \u00een Moldova"},"content":{"rendered":"<div class=\"wpb-content-wrapper\"><p>[vc_row][vc_column][vc_column_text]<\/p>\n<h3 style=\"text-align: center;\">Accize auto 2022 CALCULATOR ONLINE<\/h3>\n<p>La importul autoturismelor \u00een Republica Moldova, accizele se percep \u00een func\u021bie de tipul motorului, de capacitatea cilindric\u0103 \u0219i anul de fabrica\u0163ie a acestuia.<\/p>\n<p>De la 1 ianuarie 2021, \u00een Moldova, se pot importa ma\u015fini f\u0103r\u0103 limit\u0103 de v\u00e2rst\u0103. Interdic\u021bia de import a ma\u0219inilor cu v\u00e2rst\u0103 mai mare de 10 ani a fost eliminat\u0103.<\/p>\n<p>Pentru autoturismele cu motor <b>Plug-in Hybrid<\/b> (care pot fi \u00eenc\u0103rcate prin conectarea la o surs\u0103 extern\u0103 de energie electric\u0103), cota accizului se mic\u0219oreaz\u0103 cu 50%;<br \/>\nPentru autoturismele cu motor <b>Hibrid<\/b>, cota accizului se mic\u0219oreaz\u0103 cu 25%;<\/p>\n<p>Pentru autoturismele cu motor de tip <b> micro Hybrid \u015fi mild Hybrid<\/b>, cota accizului nu se mic\u0219oreaz\u0103;<br \/>\nPentru autoturismele cu motor Electric, nu se achit\u0103 accize la import.<\/p>\n<p><em>Autovehicul de epoc\u0103 \u2013 mijloc de transport auto de orice marc\u0103 \u015fi tip \u015fi cu v\u00eersta mai mare de 30 de ani, ce reprezint\u0103 o valoare cultural\u0103 a timpurilor trecute, confirmat de institu\u0163ia de stat competent\u0103.<\/em><\/p>\n<p>Suma accizului pentru <b>autovehicul de epoca<\/b>:<br \/>\nDe la 30 de ani p\u00een\u0103 la 39 de ani inclusiv \u2013 40000 de lei.<br \/>\nDe la 40 de ani p\u00een\u0103 la 49 de ani inclusiv \u2013 30000 de lei.<br \/>\nDe la 50 de ani \u2013 20000 de lei<\/p>\n<p>&nbsp;<\/p>\n<p><em>Prin autoturism de lux se \u00een\u0163elege autoturismul a c\u0103rui valoare \u00een vam\u0103 constituie 600 mii lei \u015fi mai mult.<\/em><\/p>\n<p>[\/vc_column_text][\/vc_column][\/vc_row][vc_row][vc_column][vc_column_text]<\/p>\n<h2>Cota accizei pentru autoturisme &#8211; motor cu benzin\u0103, lei\/cm<sup>3<\/sup><\/h2>\n<p>[\/vc_column_text][vc_column_text]<\/p>\n<table class=\"responsive-table table_unvs responsive-table_1\">\n<thead>\n<tr>\n<th>\u043e\u0431\u044a\u0451\u043c \u0434\u0432\u0438\u0433\u0430\u0442\u0435\u043b\u044f<\/th>\n<th>&lt;=1000 cm<sup>3<\/sup><\/th>\n<th>1001-1500 cm<sup>3<\/sup><\/th>\n<th>1501-2000 cm<sup>3<\/sup><\/th>\n<th>2001-3000 cm<sup>3<\/sup><\/th>\n<th>&gt;3000 cm<sup>3<\/sup><\/th>\n<\/tr>\n<\/thead>\n<tbody>\n<tr>\n<td>0-2 \u0433\u043e\u0434\u0430<\/td>\n<td>9.56<\/td>\n<td>12.23<\/td>\n<td>18.90<\/td>\n<td>31.14<\/td>\n<td>55.60<\/td>\n<\/tr>\n<tr>\n<td>3-4 \u0433\u043e\u0434\u0430<\/td>\n<td>10.00<\/td>\n<td>12.67<\/td>\n<td>19.34<\/td>\n<td>31.68<\/td>\n<td>56.04<\/td>\n<\/tr>\n<tr>\n<td>5-6 \u043b\u0435\u0442<\/td>\n<td>10.23<\/td>\n<td>12.90<\/td>\n<td>19.57<\/td>\n<td>31.81<\/td>\n<td>56.27<\/td>\n<\/tr>\n<tr>\n<td>7 \u043b\u0435\u0442<\/td>\n<td>11.25<\/td>\n<td>14.19<\/td>\n<td>21.53<\/td>\n<td>34.99<\/td>\n<td>61.90<\/td>\n<\/tr>\n<tr>\n<td>8 \u043b\u0435\u0442<\/td>\n<td>12.38<\/td>\n<td>15.61<\/td>\n<td>23.68<\/td>\n<td>38.49<\/td>\n<td>68.09<\/td>\n<\/tr>\n<tr>\n<td>9 \u043b\u0435\u0442<\/td>\n<td>13.62<\/td>\n<td>17.17<\/td>\n<td>26.05<\/td>\n<td>42.34<\/td>\n<td>74.90<\/td>\n<\/tr>\n<tr>\n<td>10 \u043b\u0435\u0442<\/td>\n<td>16.34<\/td>\n<td>20.60<\/td>\n<td>31.26<\/td>\n<td>50.81<\/td>\n<td>89.87<\/td>\n<\/tr>\n<tr>\n<td>11 \u043b\u0435\u0442<\/td>\n<td>21.24<\/td>\n<td>26.79<\/td>\n<td>40.63<\/td>\n<td>66.05<\/td>\n<td>116.84<\/td>\n<\/tr>\n<tr>\n<td>12 \u043b\u0435\u0442<\/td>\n<td>26.24<\/td>\n<td>31.79<\/td>\n<td>45.79<\/td>\n<td>71.05<\/td>\n<td>121.84<\/td>\n<\/tr>\n<tr>\n<td>13 \u043b\u0435\u0442<\/td>\n<td>31.24<\/td>\n<td>36.79<\/td>\n<td>50.63<\/td>\n<td>76.05<\/td>\n<td>126.84<\/td>\n<\/tr>\n<tr>\n<td>14 \u043b\u0435\u0442<\/td>\n<td>36.24<\/td>\n<td>41.79<\/td>\n<td>55.63<\/td>\n<td>81.05<\/td>\n<td>131.84<\/td>\n<\/tr>\n<tr>\n<td>15 \u043b\u0435\u0442<\/td>\n<td>41.24<\/td>\n<td>46.79<\/td>\n<td>60.63<\/td>\n<td>86.05<\/td>\n<td>136.84<\/td>\n<\/tr>\n<tr>\n<td>16\u043b\u0435\u0442<\/td>\n<td>46.24<\/td>\n<td>51.79<\/td>\n<td>65.63<\/td>\n<td>91.05<\/td>\n<td>141.84<\/td>\n<\/tr>\n<tr>\n<td>17 \u043b\u0435\u0442<\/td>\n<td>51.24<\/td>\n<td>56.79<\/td>\n<td>70.63<\/td>\n<td>96.05<\/td>\n<td>146.84<\/td>\n<\/tr>\n<tr>\n<td>18 \u043b\u0435\u0442<\/td>\n<td>56.24<\/td>\n<td>61.79<\/td>\n<td>75.63<\/td>\n<td>101.05<\/td>\n<td>151.84<\/td>\n<\/tr>\n<tr>\n<td>19 \u043b\u0435\u0442<\/td>\n<td>61.24<\/td>\n<td>66.79<\/td>\n<td>80.63<\/td>\n<td>106.05<\/td>\n<td>156.84<\/td>\n<\/tr>\n<tr>\n<td>\u0441\u0432\u044b\u0448\u0435 20 \u043b\u0435\u0442<\/td>\n<td>66.24<\/td>\n<td>71.79<\/td>\n<td>85.63<\/td>\n<td>111.05<\/td>\n<td>161.84<\/td>\n<\/tr>\n<\/tbody>\n<\/table>\n<p>[\/vc_column_text][\/vc_column][\/vc_row][vc_row][vc_column][vc_column_text]<\/p>\n<h2>Cota accizei pentru autoturisme \u2013 motor diesel, lei\/cm<sup>3<\/sup><\/h2>\n<p>[\/vc_column_text][vc_column_text]<\/p>\n<table class=\"responsive-table table_unvs responsive-table_2\">\n<tbody>\n<tr>\n<td>0-2 \u0433\u043e\u0434\u0430<\/td>\n<td>12.23<\/td>\n<td>31.14<\/td>\n<td>55.60<\/td>\n<\/tr>\n<tr>\n<td>3-4 \u0433\u043e\u0434\u0430<\/td>\n<td>12.67<\/td>\n<td>31.58<\/td>\n<td>56.04<\/td>\n<\/tr>\n<tr>\n<td>5-6 \u043b\u0435\u0442<\/td>\n<td>12.90<\/td>\n<td>31.81<\/td>\n<td>56.27<\/td>\n<\/tr>\n<tr>\n<td>7 \u043b\u0435\u0442<\/td>\n<td>14.19<\/td>\n<td>34.99<\/td>\n<td>61.90<\/td>\n<\/tr>\n<tr>\n<td>8 \u043b\u0435\u0442<\/td>\n<td>15.61<\/td>\n<td>38.49<\/td>\n<td>68.90<\/td>\n<\/tr>\n<tr>\n<td>9 \u043b\u0435\u0442<\/td>\n<td>17.17<\/td>\n<td>42.34<\/td>\n<td>74.90<\/td>\n<\/tr>\n<tr>\n<td>10 \u043b\u0435\u0442<\/td>\n<td>20.60<\/td>\n<td>50.81<\/td>\n<td>89.87<\/td>\n<\/tr>\n<tr>\n<td>11 \u043b\u0435\u0442<\/td>\n<td>26.79<\/td>\n<td>66.05<\/td>\n<td>116.84<\/td>\n<\/tr>\n<tr>\n<td>12 \u043b\u0435\u0442<\/td>\n<td>31.79<\/td>\n<td>71.05<\/td>\n<td>121.84<\/td>\n<\/tr>\n<tr>\n<td>13 \u043b\u0435\u0442<\/td>\n<td>36.79<\/td>\n<td>76.05<\/td>\n<td>126.84<\/td>\n<\/tr>\n<tr>\n<td>14 \u043b\u0435\u0442<\/td>\n<td>41.79<\/td>\n<td>81.05<\/td>\n<td>131.84<\/td>\n<\/tr>\n<tr>\n<td>15 \u043b\u0435\u0442<\/td>\n<td>46.79<\/td>\n<td>86.05<\/td>\n<td>136.84<\/td>\n<\/tr>\n<tr>\n<td>16 \u043b\u0435\u0442<\/td>\n<td>51.79<\/td>\n<td>91.05<\/td>\n<td>141.84<\/td>\n<\/tr>\n<tr>\n<td>17 \u043b\u0435\u0442<\/td>\n<td>56.79<\/td>\n<td>96.05<\/td>\n<td>146.84<\/td>\n<\/tr>\n<tr>\n<td>18 \u043b\u0435\u0442<\/td>\n<td>61.79<\/td>\n<td>101.05<\/td>\n<td>151.84<\/td>\n<\/tr>\n<tr>\n<td>19 \u043b\u0435\u0442<\/td>\n<td>66.79<\/td>\n<td>106.05<\/td>\n<td>156.84<\/td>\n<\/tr>\n<tr>\n<td>\u0441\u0432\u044b\u0448\u0435 20 \u043b\u0435\u0442<\/td>\n<td>71.79<\/td>\n<td>111.05<\/td>\n<td>161.84<\/td>\n<\/tr>\n<\/tbody>\n<\/table>\n<p>[\/vc_column_text][\/vc_column][\/vc_row]<\/p>\n<\/div>","protected":false},"excerpt":{"rendered":"<p>[vc_row][vc_column][vc_column_text] Accize auto 2022 CALCULATOR ONLINE La importul autoturismelor \u00een Republica Moldova, accizele se percep \u00een func\u021bie de tipul motorului, de capacitatea cilindric\u0103 \u0219i anul de fabrica\u0163ie a acestuia. De la 1 ianuarie 2021, \u00een Moldova, se pot importa ma\u015fini f\u0103r\u0103 limit\u0103 de v\u00e2rst\u0103. Interdic\u021bia de import a ma\u0219inilor cu v\u00e2rst\u0103 mai mare de 10 ani a fost eliminat\u0103. Pentru autoturismele cu motor Plug-in Hybrid (care pot fi \u00eenc\u0103rcate prin conectarea la o surs\u0103 extern\u0103 de energie electric\u0103), cota accizului se mic\u0219oreaz\u0103 cu 50%; Pentru autoturismele cu motor Hibrid, cota accizului se mic\u0219oreaz\u0103 cu 25%; Pentru autoturismele cu motor de<span class=\"excerpt-hellip\"> [\u2026]<\/span><\/p>\n","protected":false},"author":1,"featured_media":0,"parent":0,"menu_order":0,"comment_status":"closed","ping_status":"closed","template":"","meta":{"_acf_changed":false,"footnotes":""},"class_list":["post-1917","page","type-page","status-publish","hentry"],"acf":[],"aioseo_notices":[],"_links":{"self":[{"href":"https:\/\/globalasig.md\/ro\/wp-json\/wp\/v2\/pages\/1917","targetHints":{"allow":["GET"]}}],"collection":[{"href":"https:\/\/globalasig.md\/ro\/wp-json\/wp\/v2\/pages"}],"about":[{"href":"https:\/\/globalasig.md\/ro\/wp-json\/wp\/v2\/types\/page"}],"author":[{"embeddable":true,"href":"https:\/\/globalasig.md\/ro\/wp-json\/wp\/v2\/users\/1"}],"replies":[{"embeddable":true,"href":"https:\/\/globalasig.md\/ro\/wp-json\/wp\/v2\/comments?post=1917"}],"version-history":[{"count":1,"href":"https:\/\/globalasig.md\/ro\/wp-json\/wp\/v2\/pages\/1917\/revisions"}],"predecessor-version":[{"id":1919,"href":"https:\/\/globalasig.md\/ro\/wp-json\/wp\/v2\/pages\/1917\/revisions\/1919"}],"wp:attachment":[{"href":"https:\/\/globalasig.md\/ro\/wp-json\/wp\/v2\/media?parent=1917"}],"curies":[{"name":"wp","href":"https:\/\/api.w.org\/{rel}","templated":true}]}}