{"id":487,"date":"2020-12-14T16:42:27","date_gmt":"2020-12-14T16:42:27","guid":{"rendered":"https:\/\/globalasig.md\/%d0%ba%d0%b0%d0%bb%d1%8c%d0%ba%d1%83%d0%bb%d1%8f%d1%82%d0%be%d1%80-%d0%b7%d0%b5%d0%bb%d1%91%d0%bd%d0%b0%d1%8f-%d0%ba%d0%b0%d1%80%d1%82%d0%b0\/"},"modified":"2024-12-18T10:45:02","modified_gmt":"2024-12-18T08:45:02","slug":"calculator-cartea-verde","status":"publish","type":"page","link":"https:\/\/globalasig.md\/ro\/calculator-cartea-verde\/","title":{"rendered":"Calculator Cartea Verde"},"content":{"rendered":"<div class=\"wpb-content-wrapper\"><p>[vc_row][vc_column][vc_column_text]<\/p>\n<h2>Trimite\u021bi o cerere pentru Carte Verde<\/h2>\n<p>Acum poli\u021ba de asigurare Cartea Verde poate fi primit\u0103 prin e-mail. Brokerul de asigur\u0103ri va selecta cea mai bun\u0103 ofert\u0103 de asigurare \u0219i cel mai bun pre\u021b pentru asigurare.[\/vc_column_text][\/vc_column][\/vc_row][vc_row equal_height=&#8221;yes&#8221; css=&#8221;.vc_custom_1685090775559{padding-bottom: 50px !important;}&#8221;][vc_column width=&#8221;1\/3&#8243;][\/vc_column][vc_column width=&#8221;1\/3&#8243; css=&#8221;.vc_custom_1685090816781{padding-top: 25px !important;padding-bottom: 5px !important;background-color: #f7f7f7 !important;}&#8221;][vc_empty_space height=&#8221;20px&#8221;][vc_btn title=&#8221;Calculator &#8222;Carte Verde&#8222;&#8221; color=&#8221;danger&#8221; align=&#8221;center&#8221; link=&#8221;url:https%3A%2F%2Fglobal.asig.md%2Fgreencard%3Fl%3Dro|target:_blank|rel:nofollow&#8221;][vc_empty_space height=&#8221;20px&#8221;][\/vc_column][vc_column width=&#8221;1\/3&#8243;][\/vc_column][\/vc_row][vc_row][vc_column][vc_column_text]<strong>De ce am nevoie de o Carte verde?<\/strong><\/p>\n<p>Asigurarea de r\u0103spundere civil\u0103 este obligatorie \u00een \u00eentreaga lume civilizat\u0103. F\u0103r\u0103 poli\u021b\u0103, \u0219oferul nu are dreptul s\u0103 conduc\u0103 un vehicul \u00een str\u0103in\u0103tate. Pentru a rezolva problema desp\u0103gubirii pentru daunele cauzate unei ter\u021be p\u0103r\u021bi din str\u0103in\u0103tate, a fost creat sistemul Carte verde Moldova.[\/vc_column_text][vc_column_text]Ea ofer\u0103 o garan\u021bie a desp\u0103gubirii p\u0103r\u021bii v\u0103t\u0103mate \u00een caz de accident, adic\u0103 permite persoanei vinovate s\u0103 se elibereze de responsabilitatea pentru daunele materiale, care ar putea fi cauzate: proprietatii, s\u0103n\u0103t\u0103\u021bii sau via\u021ba persoanelor ter\u021be pe teritoriul \u021b\u0103rilor &#8211; membre ai programului \u201eCarte verde\u201d.<\/p>\n<p>Cel mai des, compatrio\u021bii no\u0219tri folosesc Cartea verde pentru excursii de scurt\u0103 durat\u0103 la mare sau la mun\u021bi \u00een Rom\u00e2nia sau Ucraina.<\/p>\n<p>Atunci c\u00e2nd ma\u0219ina se deplaseaz\u0103 \u00a0pe teritoriul \u021b\u0103rilor &#8211; membre ai Green Card, proprietarul acesteia este obligat s\u0103 procure un certificat \u00a0\u00a0unificat. Aceasta \u00eenseamn\u0103 c\u0103 deplasarea f\u0103r\u0103 o poli\u021b\u0103\u00a0 Green Card pe teritoriul acestor state este interzis\u0103.<\/p>\n<p>Exist\u0103 trei zone de validitate a politei \u00a0Cartea Verde:<\/p>\n<p>Zona 1: Ucraina, Belarus;<\/p>\n<p>Zona 2: Ucraina, Belarus \u0219i Rusia;<\/p>\n<p>Zona 3: Ucraina, Rusia, Rom\u00e2nia, Grecia, Belgia, Bulgaria, Republica Ceh\u0103, Germania, Danemarca, Spania,<\/p>\n<p>Slovacia, Estonia, Fran\u021ba, Finlanda, Turcia, Marea Britanie, Austria, Ungaria, Italia,<\/p>\n<p>Irlanda, Islanda, Luxemburg, Lituania, Letonia, Malta, Norvegia, Olanda, Portugalia,<\/p>\n<p>Polonia, Cipru, Suedia, Slovenia, Elve\u021bia, Albania, Andorra, Bosnia \u0219i Her\u021begovina,<\/p>\n<p>Croa\u021bia, Israel, Iran, Maroc, Moldova, Macedonia, Serbia, Tunisia.<\/p>\n<p>Pentru a \u00eencheia un contract de asigurare \u201eCarte verde\u201d:<\/p>\n<p>1) Vehiculul trebuie s\u0103 fie \u00eenmatriculat \u00een Moldova;<\/p>\n<p>2) Pentru \u00eenregistrarea unei poli\u021be de asigurare, este necesar s\u0103 fie prezentat pa\u0219aportul tehnic al vehiculului.<\/p>\n<p>Recomand\u0103ri pentru c\u0103l\u0103tori\u021bi cu ma\u0219ina \u00een str\u0103in\u0103tate:<\/p>\n<p>&#8211; Re\u021bine\u021bi, f\u0103r\u0103 Cartea Verde nu ve\u021bi putea trece \u00a0controlul vamal. Certificatul<\/p>\n<p>permite s\u0103 evita\u021bi cheltuielile nedorite \u00een cazul unui accident de c\u0103l\u0103torie. Calculati<\/p>\n<p>costul C\u0103r\u021bii verzi cu un calculator online pe site-ul nostru (Calculator carte verde).<\/p>\n<p>&#8211; Dac\u0103 ave\u021bi o poli\u021b\u0103, asigura\u021bi-v\u0103 de validitatea acesteia. Trebuie s\u0103 fie \u00een vigoare pe toat\u0103 durata \u0219ederii \u00een str\u0103in\u0103tate.<\/p>\n<p>&#8211; Pentru a evita procurarea unei poli\u021be false, trebuie s\u0103 contacta\u021bi birourile <a href=\"https:\/\/globalasig.md\/contact-us\/\">https:\/\/globalasig.md\/contact-us\/<\/a> \u00a0ale companiilor de asigur\u0103ri,<\/p>\n<p>care sunt membri ai Biroului Na\u021bional al Asigur\u0103torilor de Autovehicule.[\/vc_column_text][\/vc_column][\/vc_row][vc_row equal_height=&#8221;yes&#8221; css=&#8221;.vc_custom_1685090775559{padding-bottom: 50px !important;}&#8221;][vc_column width=&#8221;1\/3&#8243;][\/vc_column][vc_column width=&#8221;1\/3&#8243; css=&#8221;.vc_custom_1685090816781{padding-top: 25px !important;padding-bottom: 5px !important;background-color: #f7f7f7 !important;}&#8221;][vc_empty_space height=&#8221;20px&#8221;][vc_btn title=&#8221;Calculator &#8222;Carte Verde&#8222;&#8221; color=&#8221;danger&#8221; align=&#8221;center&#8221; link=&#8221;url:https%3A%2F%2Fglobal.asig.md%2Fgreencard%3Fl%3Dro|target:_blank|rel:nofollow&#8221;][vc_empty_space height=&#8221;20px&#8221;][\/vc_column][vc_column width=&#8221;1\/3&#8243;][\/vc_column][\/vc_row]<\/p>\n<\/div>","protected":false},"excerpt":{"rendered":"<p>Calculator Carte Verde<\/p>\n","protected":false},"author":1,"featured_media":0,"parent":0,"menu_order":0,"comment_status":"closed","ping_status":"closed","template":"","meta":{"_acf_changed":false,"footnotes":""},"class_list":["post-487","page","type-page","status-publish","hentry"],"acf":[],"aioseo_notices":[],"_links":{"self":[{"href":"https:\/\/globalasig.md\/ro\/wp-json\/wp\/v2\/pages\/487","targetHints":{"allow":["GET"]}}],"collection":[{"href":"https:\/\/globalasig.md\/ro\/wp-json\/wp\/v2\/pages"}],"about":[{"href":"https:\/\/globalasig.md\/ro\/wp-json\/wp\/v2\/types\/page"}],"author":[{"embeddable":true,"href":"https:\/\/globalasig.md\/ro\/wp-json\/wp\/v2\/users\/1"}],"replies":[{"embeddable":true,"href":"https:\/\/globalasig.md\/ro\/wp-json\/wp\/v2\/comments?post=487"}],"version-history":[{"count":3,"href":"https:\/\/globalasig.md\/ro\/wp-json\/wp\/v2\/pages\/487\/revisions"}],"predecessor-version":[{"id":2450,"href":"https:\/\/globalasig.md\/ro\/wp-json\/wp\/v2\/pages\/487\/revisions\/2450"}],"wp:attachment":[{"href":"https:\/\/globalasig.md\/ro\/wp-json\/wp\/v2\/media?parent=487"}],"curies":[{"name":"wp","href":"https:\/\/api.w.org\/{rel}","templated":true}]}}