{"id":489,"date":"2020-12-14T16:38:37","date_gmt":"2020-12-14T16:38:37","guid":{"rendered":"https:\/\/globalasig.md\/%d0%ba%d0%b0%d0%bb%d1%8c%d0%ba%d1%83%d0%bb%d1%8f%d1%82%d0%be%d1%80-%d0%ba%d0%b0%d1%81%d0%ba%d0%be\/"},"modified":"2023-05-26T11:44:42","modified_gmt":"2023-05-26T09:44:42","slug":"calculator-casco","status":"publish","type":"page","link":"https:\/\/globalasig.md\/ro\/calculator-casco\/","title":{"rendered":"Calculator Casco"},"content":{"rendered":"<div class=\"wpb-content-wrapper\"><p>[vc_row][vc_column][vc_column_text]<\/p>\n<h2 style=\"text-align: center;\">Trimite\u021bi o cerere pentru Asigurare CASCO<\/h2>\n<p style=\"text-align: center;\">Acum poli\u021ba de asigurare poate fi primit\u0103 prin e-mail. Brokerul de asigur\u0103ri va selecta cea mai bun\u0103 ofert\u0103 de asigurare \u0219i cel mai bun pre\u021b pentru asigurare.<\/p>\n<p>[\/vc_column_text][\/vc_column][\/vc_row][vc_row equal_height=&#8221;yes&#8221; css=&#8221;.vc_custom_1685090775559{padding-bottom: 50px !important;}&#8221;][vc_column width=&#8221;1\/3&#8243;][\/vc_column][vc_column width=&#8221;1\/3&#8243; css=&#8221;.vc_custom_1685090816781{padding-top: 25px !important;padding-bottom: 5px !important;background-color: #f7f7f7 !important;}&#8221;][vc_empty_space height=&#8221;20px&#8221;]\n<div class=\"wpcf7 no-js\" id=\"wpcf7-f2232-o1\" lang=\"en-US\" dir=\"ltr\" data-wpcf7-id=\"2232\">\n<div class=\"screen-reader-response\"><p role=\"status\" aria-live=\"polite\" aria-atomic=\"true\"><\/p> <ul><\/ul><\/div>\n<form action=\"\/ro\/wp-json\/wp\/v2\/pages\/489#wpcf7-f2232-o1\" method=\"post\" class=\"wpcf7-form init\" aria-label=\"Contact form\" novalidate=\"novalidate\" data-status=\"init\">\n<div style=\"display: none;\">\n<input type=\"hidden\" name=\"_wpcf7\" value=\"2232\" \/>\n<input type=\"hidden\" name=\"_wpcf7_version\" value=\"6.0.1\" \/>\n<input type=\"hidden\" name=\"_wpcf7_locale\" value=\"en_US\" \/>\n<input type=\"hidden\" name=\"_wpcf7_unit_tag\" value=\"wpcf7-f2232-o1\" \/>\n<input type=\"hidden\" name=\"_wpcf7_container_post\" value=\"0\" \/>\n<input type=\"hidden\" name=\"_wpcf7_posted_data_hash\" value=\"\" \/>\n<\/div>\n<div class=\"column one\">\n\t<p><span class=\"wpcf7-form-control-wrap\" data-name=\"your-name\"><input size=\"40\" maxlength=\"400\" class=\"wpcf7-form-control wpcf7-text wpcf7-validates-as-required\" aria-required=\"true\" aria-invalid=\"false\" placeholder=\"Nume*\" value=\"\" type=\"text\" name=\"your-name\" \/><\/span>\n\t<\/p>\n<\/div>\n<div class=\"column one\">\n\t<p><span class=\"wpcf7-form-control-wrap\" data-name=\"tel-588\"><input size=\"40\" maxlength=\"400\" class=\"wpcf7-form-control wpcf7-tel wpcf7-validates-as-required wpcf7-text wpcf7-validates-as-tel\" aria-required=\"true\" aria-invalid=\"false\" placeholder=\"Telefon*\" value=\"\" type=\"tel\" name=\"tel-588\" \/><\/span>\n\t<\/p>\n<\/div>\n<p align=\"right\"><input class=\"wpcf7-form-control wpcf7-submit has-spinner\" type=\"submit\" value=\"TRIMITE CERERE\" \/>\n<\/p><div class=\"wpcf7-response-output\" aria-hidden=\"true\"><\/div>\n<\/form>\n<\/div>\n[\/vc_column][vc_column width=&#8221;1\/3&#8243;][\/vc_column][\/vc_row][vc_row][vc_column][vc_column_text]<\/p>\n<p>[\/vc_column_text][\/vc_column][\/vc_row][vc_row][vc_column][vc_column_text]Tipuri \u0219i caracteristici ale asigur\u0103rii auto \u00een Moldova<\/p>\n<p>Asigurarea auto este unul dintre tipurile de asigurare, care protejeaz\u0103 interesele materiale asociate cu costurile de reparare a vehiculului; ca urmare a unui accident sau defec\u021biuni, precum \u0219i a desp\u0103gubirilor pentru daunele cauzate ter\u021bilor p\u0103r\u021bi, care folosesc vehiculul.[\/vc_column_text][vc_column_text]Desigur, nici o asigurare nu protejeaz\u0103 de un posibil accident, dar este capabil\u0103 s\u0103 minimizeze daunele. Poli\u021ba de asigurarea auto obligatorie \u00een Moldova trebuie procurat\u0103 \u00een termen de 10 zile de la achizi\u021bionarea ma\u0219inii. Proprietarul nu are o alt\u0103 alegere, nu este rost s\u0103 se am\u00e2ne procedura. \u00cen plus, \u00een mod voluntar, \u0219oferul poate procura o poli\u021b\u0103 de asigurare Casco.<\/p>\n<p>Ofertele, care permit s\u0103 v\u0103 proteja\u021bi interesele asigur\u0103rii auto \u00een Moldova:<\/p>\n<p>1) OSAGO (RCA) este un tip obligatoriu de asigurare care vizeaz\u0103 protejarea economic\u0103 \u0219i interesele sociale. Procur\u00e2nd o poli\u021b\u0103 (Global insurance), \u0219oferul \u00ee\u0219i protejeaz\u0103 riscurile \u0219i cheltuieli financiare \u00een cazul c\u00e2nd devine vinovatul accidentului. Adic\u0103 \u00een schimbul primelor de asigurare, compania de asigur\u0103ri se oblig\u0103 s\u0103 pl\u0103teasc\u0103 desp\u0103gubiri pentru daune \u00een caz de accident la adresa unei ter\u021be p\u0103r\u021bi.<\/p>\n<p>Asigurarea este valabil\u0103 pe \u00eentreg teritoriul Moldovei.<\/p>\n<p>2) \u201eCartea verde\u201d este aceea\u0219i asigurare obligatorie de r\u0103spundere civil\u0103<\/p>\n<p>pentru proprietarii de autoturisme, dar pe teritoriul \u021b\u0103rilor &#8211; membre ai sistemului Green Card. Asigurarea este obligatorie la deplasarea ma\u0219inii pe teritoriul acestor state. F\u0103r\u0103 un certificat de asigurare Green Card, \u0219oferul nu va putea traversa \u00a0vam\u0103.<\/p>\n<p>3) CASCO este o asigurare auto voluntar\u0103 (asigurare auto), care<\/p>\n<p>acoper\u0103 riscurile propriei ma\u0219ini. Dac\u0103 poli\u021ba de asigurare OSAGO (RCA) compenseaz\u0103 daunele, cauzate unor ter\u021be p\u0103r\u021bi, CASCO desp\u0103gubesc prejudiciul pentru cel asigurat , indiferent cine este vinovatul accidentului. De asemenea, evenimentele asigurate sunt destinate \u00a0daunelor produse de p\u0103r\u021bile ter\u021be, calamit\u0103\u021bi naturale, furtul ma\u0219inii, al pieselor sau p\u0103r\u021bilor componen\u021be. Compania noastr\u0103 v\u0103 ofer\u0103 condi\u021bii favorabile de asigurare auto. Aici pute\u021bi afla cele mai bune oferte de la 12 companii de asigur\u0103ri, precum \u0219i beneficiile \u0219i caracteristicile fiec\u0103rui produs oferit. Echipa noastr\u0103 va selecta oferta benefic\u0103 pentru Dvs. personal.[\/vc_column_text][\/vc_column][\/vc_row]<\/p>\n<\/div>","protected":false},"excerpt":{"rendered":"<p>Calculator CASCO<\/p>\n","protected":false},"author":1,"featured_media":0,"parent":0,"menu_order":0,"comment_status":"closed","ping_status":"closed","template":"","meta":{"_acf_changed":false,"footnotes":""},"class_list":["post-489","page","type-page","status-publish","hentry"],"acf":[],"aioseo_notices":[],"_links":{"self":[{"href":"https:\/\/globalasig.md\/ro\/wp-json\/wp\/v2\/pages\/489","targetHints":{"allow":["GET"]}}],"collection":[{"href":"https:\/\/globalasig.md\/ro\/wp-json\/wp\/v2\/pages"}],"about":[{"href":"https:\/\/globalasig.md\/ro\/wp-json\/wp\/v2\/types\/page"}],"author":[{"embeddable":true,"href":"https:\/\/globalasig.md\/ro\/wp-json\/wp\/v2\/users\/1"}],"replies":[{"embeddable":true,"href":"https:\/\/globalasig.md\/ro\/wp-json\/wp\/v2\/comments?post=489"}],"version-history":[{"count":2,"href":"https:\/\/globalasig.md\/ro\/wp-json\/wp\/v2\/pages\/489\/revisions"}],"predecessor-version":[{"id":2237,"href":"https:\/\/globalasig.md\/ro\/wp-json\/wp\/v2\/pages\/489\/revisions\/2237"}],"wp:attachment":[{"href":"https:\/\/globalasig.md\/ro\/wp-json\/wp\/v2\/media?parent=489"}],"curies":[{"name":"wp","href":"https:\/\/api.w.org\/{rel}","templated":true}]}}