{"id":491,"date":"2020-12-14T16:44:04","date_gmt":"2020-12-14T16:44:04","guid":{"rendered":"https:\/\/globalasig.md\/%d0%ba%d0%b0%d0%bb%d1%8c%d0%ba%d1%83%d0%bb%d1%8f%d1%82%d0%be%d1%80-%d0%bc%d0%b5%d0%b4%d0%b8%d1%86%d0%b8%d0%bd%d1%81%d0%ba%d0%be%d0%b3%d0%be-%d1%81%d1%82%d1%80%d0%b0%d1%85%d0%be%d0%b2%d0%b0%d0%bd%d0%b8\/"},"modified":"2024-12-18T10:46:25","modified_gmt":"2024-12-18T08:46:25","slug":"calculator-asigurarea-medicala","status":"publish","type":"page","link":"https:\/\/globalasig.md\/ro\/calculator-asigurarea-medicala\/","title":{"rendered":"Calculator Asigurarea Medicala"},"content":{"rendered":"<div class=\"wpb-content-wrapper\"><p>[vc_row][vc_column][vc_column_text]<\/p>\n<h2 style=\"text-align: center;\">Trimite\u021bi o cerere pentru Asigurarea Medicala<\/h2>\n<p style=\"text-align: center;\">Acum poli\u021ba de asigurare poate fi primit\u0103 prin e-mail. Brokerul de asigur\u0103ri va selecta cea mai bun\u0103 ofert\u0103 de asigurare \u0219i cel mai bun pre\u021b pentru asigurare.<\/p>\n<p>[\/vc_column_text][\/vc_column][\/vc_row][vc_row equal_height=&#8221;yes&#8221; css=&#8221;.vc_custom_1685090775559{padding-bottom: 50px !important;}&#8221;][vc_column width=&#8221;1\/3&#8243;][\/vc_column][vc_column width=&#8221;1\/3&#8243; css=&#8221;.vc_custom_1685090816781{padding-top: 25px !important;padding-bottom: 5px !important;background-color: #f7f7f7 !important;}&#8221;][vc_empty_space height=&#8221;20px&#8221;][vc_btn title=&#8221;Asigurarea medicala&#8221; color=&#8221;danger&#8221; align=&#8221;center&#8221; link=&#8221;url:https%3A%2F%2Fglobal.asig.md%2Ftravel%3Fl%3Dro|target:_blank|rel:nofollow&#8221;][vc_empty_space height=&#8221;20px&#8221;][\/vc_column][vc_column width=&#8221;1\/3&#8243;][\/vc_column][\/vc_row][vc_row][vc_column][vc_column_text]<\/p>\n<h1>Asigurarea medical\u0103 \u00een Moldova \/ poli\u021ba de asigurare medical\u0103<\/h1>\n<p>[\/vc_column_text][vc_column_text]Avantajele asigur\u0103rii medicale voluntare \u00een Moldova.<\/p>\n<p>S\u0103n\u0103tatea este cel mai valoros lucru pe care \u00eel de\u021binem. \u0218i dac\u0103 \u00een\u021belegi acest fapt \u0219i vrei s\u0103 fii sigur \u00een cazul problemelor de s\u0103n\u0103tate, \u021bi se\u00a0 ofer\u0103 asisten\u021b\u0103 calificat\u0103.[\/vc_column_text][vc_column_text]S\u0103n\u0103tatea este cel mai valoros lucru pe care \u00eel de\u021binem. \u0218i dac\u0103 \u00een\u021belegi acest fapt \u0219i vrei s\u0103 fii sigur \u00een cazul problemelor de s\u0103n\u0103tate, \u021bi se\u00a0 ofer\u0103 asisten\u021b\u0103 calificat\u0103.<\/p>\n<p>Merit\u0103 s\u0103 lua\u021bi \u00een considerare procurarea unei poli\u021be de asigurare voluntar\u0103 de s\u0103n\u0103tate. Prin posesia unei asigur\u0103ri voluntare de s\u0103n\u0103tate \u00een Moldova, v\u0103 proteja\u021bi bugetul de costurile medicale \u00een acele institu\u021bii medicale, unde asigur\u0103torul a \u00eencheiat un contract.<\/p>\n<p>Serviciile sunt furnizate at\u00e2t de institu\u021bii publice, c\u00e2t \u0219i private.<\/p>\n<p>Ce acoper\u0103 asigurarea?<\/p>\n<ol>\n<li>\u00eengrijiri medicale complete, inclusiv teste de diagnostic de laborator;<\/li>\n<\/ol>\n<p>diagnosticare hardware, tratament fizioterapic, spitalizare;<\/p>\n<ol start=\"2\">\n<li>Stomatologie curativ\u0103;<\/li>\n<li>Plata pentru medicamentele prescrise la servicii de ambulator.<\/li>\n<\/ol>\n<p>&nbsp;<\/p>\n<p>Asigur\u0103torii ofer\u0103 mai multe programe de asigurare cu un set divers de servicii medicale. Este important ca programul s\u0103 fie potrivit pentru Dvs. Prin urmare, la cererea Dvs., \u00een poli\u021b\u0103 pot fi \u00a0incluse riscuri suplimentare.<\/p>\n<p>Asigurarea se elibereaz\u0103 pe un termen de 12 luni. \u00cen aceast\u0103 perioad\u0103, pute\u021bi utiliza servicii medicale , f\u0103r\u0103 trimiterea la un medic de familie, rapid \u0219i confortabil.<\/p>\n<p>&nbsp;<\/p>\n<p>Beneficiile pentru persoana asigurat\u0103:<\/p>\n<p>1) Pute\u021bi solicita ajutor medical at\u00e2t de la stat, c\u00e2t \u0219i de la cele mai bune<\/p>\n<p>clinici private;<\/p>\n<p>2) Pute\u021bi utiliza serviciile medicale pe termen nelimitat \u00een perioada \u00a0de<\/p>\n<p>asigurare;<\/p>\n<p>3) \u00ce\u021bi rezolvi rapid problemele de s\u0103n\u0103tate;<\/p>\n<p>4) Nu trebuie s\u0103 sta\u021bi \u00een r\u00e2nduri lungi la clinicile de stat;<\/p>\n<p>5) Vi se ofer\u0103 tehnologii moderne de diagnostic \u0219i tratament;<\/p>\n<p>6) Perioada de rambursare a cheltuielilor este de 15 zile.<\/p>\n<p>Apropo, nu numai c\u0103 pute\u021bi \u00eencheia un contract voluntar de asigur\u0103ri a s\u0103n\u0103t\u0103\u021bii<\/p>\n<p>pentru \u00a0persoane \u00a0fizice, dar \u0219i persoanei juridice. Asigurarea angaja\u021bilor este o parte important\u0103 a pachetului social \u0219i demonstreaz\u0103 cultur\u0103 corporativ\u0103 a organiza\u021biei.[\/vc_column_text][\/vc_column][\/vc_row][vc_row equal_height=&#8221;yes&#8221; css=&#8221;.vc_custom_1685090775559{padding-bottom: 50px !important;}&#8221;][vc_column width=&#8221;1\/3&#8243;][\/vc_column][vc_column width=&#8221;1\/3&#8243; css=&#8221;.vc_custom_1685090816781{padding-top: 25px !important;padding-bottom: 5px !important;background-color: #f7f7f7 !important;}&#8221;][vc_empty_space height=&#8221;20px&#8221;][vc_btn title=&#8221;Asigurarea medicala&#8221; color=&#8221;danger&#8221; align=&#8221;center&#8221; link=&#8221;url:https%3A%2F%2Fglobal.asig.md%2Ftravel%3Fl%3Dro|target:_blank|rel:nofollow&#8221;][vc_empty_space height=&#8221;20px&#8221;][\/vc_column][vc_column width=&#8221;1\/3&#8243;][\/vc_column][\/vc_row]<\/p>\n<\/div>","protected":false},"excerpt":{"rendered":"<p>Asigurarea medical\u0103 \u00een Moldova \/ poli\u021ba de asigurare medical\u0103<\/p>\n","protected":false},"author":1,"featured_media":0,"parent":0,"menu_order":0,"comment_status":"closed","ping_status":"closed","template":"","meta":{"_acf_changed":false,"footnotes":""},"class_list":["post-491","page","type-page","status-publish","hentry"],"acf":[],"aioseo_notices":[],"_links":{"self":[{"href":"https:\/\/globalasig.md\/ro\/wp-json\/wp\/v2\/pages\/491","targetHints":{"allow":["GET"]}}],"collection":[{"href":"https:\/\/globalasig.md\/ro\/wp-json\/wp\/v2\/pages"}],"about":[{"href":"https:\/\/globalasig.md\/ro\/wp-json\/wp\/v2\/types\/page"}],"author":[{"embeddable":true,"href":"https:\/\/globalasig.md\/ro\/wp-json\/wp\/v2\/users\/1"}],"replies":[{"embeddable":true,"href":"https:\/\/globalasig.md\/ro\/wp-json\/wp\/v2\/comments?post=491"}],"version-history":[{"count":5,"href":"https:\/\/globalasig.md\/ro\/wp-json\/wp\/v2\/pages\/491\/revisions"}],"predecessor-version":[{"id":2451,"href":"https:\/\/globalasig.md\/ro\/wp-json\/wp\/v2\/pages\/491\/revisions\/2451"}],"wp:attachment":[{"href":"https:\/\/globalasig.md\/ro\/wp-json\/wp\/v2\/media?parent=491"}],"curies":[{"name":"wp","href":"https:\/\/api.w.org\/{rel}","templated":true}]}}